{"id":294,"date":"2023-05-09T15:07:59","date_gmt":"2023-05-09T15:07:59","guid":{"rendered":"https:\/\/www.lalevriere.com\/en\/?page_id=294"},"modified":"2026-03-17T08:48:22","modified_gmt":"2026-03-17T08:48:22","slug":"home","status":"publish","type":"page","link":"https:\/\/www.lalevriere.com\/en\/","title":{"rendered":""},"content":{"rendered":"\n<figure class=\"wp-block-image alignfull\"><img loading=\"lazy\" decoding=\"async\" width=\"1024\" height=\"571\" src=\"https:\/\/www.lalevriere.com\/en\/wp-content\/uploads\/sites\/2\/la-levriere-guest-house-normandy-1-1024x571.jpg\" alt=\"\" class=\"wp-image-742\" srcset=\"https:\/\/www.lalevriere.com\/en\/wp-content\/uploads\/sites\/2\/la-levriere-guest-house-normandy-1-1024x571.jpg 1024w, https:\/\/www.lalevriere.com\/en\/wp-content\/uploads\/sites\/2\/la-levriere-guest-house-normandy-1-300x167.jpg 300w, https:\/\/www.lalevriere.com\/en\/wp-content\/uploads\/sites\/2\/la-levriere-guest-house-normandy-1-768x428.jpg 768w, https:\/\/www.lalevriere.com\/en\/wp-content\/uploads\/sites\/2\/la-levriere-guest-house-normandy-1.jpg 1366w\" sizes=\"auto, (max-width: 1024px) 100vw, 1024px\" \/><\/figure>\n\n\n\n<h1 class=\"wp-block-heading alignwide has-text-align-center has-x-large-font-size\" style=\"margin-top:var(--wp--preset--spacing--50);line-height:1.4\"><strong>A charming guesthouse in Normandy near Giverny <\/strong><\/h1>\n\n\n\n<p class=\"has-text-align-center\"><\/p>\n\n\n\n<figure class=\"wp-block-gallery alignwide has-nested-images columns-default is-cropped wp-block-gallery-1 is-layout-flex wp-block-gallery-is-layout-flex\" style=\"margin-top:0;margin-bottom:0\">\n<figure class=\"wp-block-image size-large\"><img decoding=\"async\" data-id=\"38\" src=\"https:\/\/www.lalevriere.com\/wp-content\/uploads\/la-levriere-chambre-planche-renard-1024x683.jpg\" alt=\"\" class=\"wp-image-38\" \/><\/figure>\n\n\n\n<figure class=\"wp-block-image size-large\"><img decoding=\"async\" data-id=\"126\" src=\"https:\/\/www.lalevriere.com\/wp-content\/uploads\/la-levriere-table-hotes-fait-maison-bio-local-1024x683.jpg\" alt=\"\" class=\"wp-image-126\" \/><\/figure>\n\n\n\n<figure class=\"wp-block-image size-large\"><img decoding=\"async\" data-id=\"157\" src=\"https:\/\/www.lalevriere.com\/wp-content\/uploads\/la-levriere-chambres-hotes-jardin-riviere-1024x683.jpg\" alt=\"\" class=\"wp-image-157\" \/><\/figure>\n<\/figure>\n\n\n\n<div class=\"wp-block-group alignwide is-layout-flow wp-block-group-is-layout-flow\">\n<p><strong>Welcome to La L\u00e9vri\u00e8re<\/strong>, a family-run guesthouse nestled in 2 hectares of riverside gardens, perfectly placed for exploring Normandy\u2019s finest : the famous gardens of Claude Monet in <strong>Giverny<\/strong>, the pretty villages of <strong>Lyons la For\u00eat<\/strong> and<strong> Gerberoy<\/strong>, <strong>Ch\u00e2teau\u00a0Gaillard<\/strong>, the medieval city of <strong>Rouen<\/strong>&#8230;\u00a0<\/p>\n\n\n\n<p>After a good day&#8217;s sightseeing, you&#8217;ll return each evening to peace, nature and genuine Norman hospitality in our pretty village of Saint Denis le Ferment.&nbsp;We\u2019ll welcome you in English and show you the hidden gems locals know.<\/p>\n\n\n\n<p><strong>Experience authentic Normandy<\/strong> : sleep in a charming room in a renovated Norman farmhouse, enjoy a homemade breakfast with local produce every morning, eat vegetables from our garden at our optional farm-to-table dinner, walk in our beautiful countryside.<\/p>\n\n\n\n<p>Travelling with children ? Let them run in two hectares of countryside, meet our animals. <\/p>\n<\/div>\n\n\n\n<div class=\"wp-block-group is-layout-flow wp-block-group-is-layout-flow\">\n<div class=\"wp-block-buttons is-content-justification-center is-layout-flex wp-container-core-buttons-is-layout-a89b3969 wp-block-buttons-is-layout-flex\">\n<div class=\"wp-block-button\"><a class=\"wp-block-button__link wp-element-button\" href=\"https:\/\/booking.lalevriere.com\/en-GB\/reservez-en-ligne\" target=\"_blank\" rel=\"noreferrer noopener\">CHECK AVAILABILITY<\/a><\/div>\n<\/div>\n<\/div>\n\n\n\n<div class=\"wp-block-media-text alignwide has-media-on-the-right is-stacked-on-mobile\"><div class=\"wp-block-media-text__content\">\n<h2 class=\"wp-block-heading has-text-align-left\">4 cosy guest rooms in a Norman farmhouse<\/h2>\n\n\n\n<p>We have four comfortable rooms, hand-picked by <strong>Sawdays<\/strong>, <strong>Special Places to Stay<\/strong>.\u00a0Our <strong>two family suites<\/strong> sleep up to 4.\u00a0<br><\/p>\n\n\n\n<div class=\"wp-block-buttons is-content-justification-center is-layout-flex wp-container-core-buttons-is-layout-a89b3969 wp-block-buttons-is-layout-flex\">\n<div class=\"wp-block-button\"><a class=\"wp-block-button__link wp-element-button\" href=\"https:\/\/www.lalevriere.com\/en\/your-accommodation\/\" target=\"_blank\" rel=\"noreferrer noopener\">CHOOSE YOUR ROOM<\/a><\/div>\n<\/div>\n<\/div><figure class=\"wp-block-media-text__media\"><img decoding=\"async\" src=\"https:\/\/www.lalevriere.com\/wp-content\/uploads\/la-levriere-chambres-hotes-chambre-la-reine-blanche-1024x683.jpg\" alt=\"\" class=\"wp-image-77 size-full\" \/><\/figure><\/div>\n\n\n\n<div class=\"wp-block-media-text alignwide is-stacked-on-mobile\"><figure class=\"wp-block-media-text__media\"><img loading=\"lazy\" decoding=\"async\" width=\"1024\" height=\"683\" src=\"https:\/\/www.lalevriere.com\/en\/wp-content\/uploads\/sites\/2\/la-levriere-maison-hotes-petit-dejeuner-gourmand-1024x683.jpeg\" alt=\"\" class=\"wp-image-593 size-full\" srcset=\"https:\/\/www.lalevriere.com\/en\/wp-content\/uploads\/sites\/2\/la-levriere-maison-hotes-petit-dejeuner-gourmand-1024x683.jpeg 1024w, https:\/\/www.lalevriere.com\/en\/wp-content\/uploads\/sites\/2\/la-levriere-maison-hotes-petit-dejeuner-gourmand-300x200.jpeg 300w, https:\/\/www.lalevriere.com\/en\/wp-content\/uploads\/sites\/2\/la-levriere-maison-hotes-petit-dejeuner-gourmand-768x512.jpeg 768w, https:\/\/www.lalevriere.com\/en\/wp-content\/uploads\/sites\/2\/la-levriere-maison-hotes-petit-dejeuner-gourmand.jpeg 1500w\" sizes=\"auto, (max-width: 1024px) 100vw, 1024px\" \/><\/figure><div class=\"wp-block-media-text__content\">\n<h2 class=\"wp-block-heading has-text-align-left\">A local and homemade breakfast<\/h2>\n\n\n\n<p>Homemade jams, cakes and waffles, organic locally sourced bread, eggs from our hens\u2026 A good day always starts with a generous and delicious breakfast.<br><\/p>\n\n\n\n<div class=\"wp-block-buttons is-content-justification-center is-layout-flex wp-container-core-buttons-is-layout-a89b3969 wp-block-buttons-is-layout-flex\">\n<div class=\"wp-block-button\"><a class=\"wp-block-button__link wp-element-button\" href=\"https:\/\/www.lalevriere.com\/en\/breakfast\/\" target=\"_blank\" rel=\"noreferrer noopener\">DISCOVER OUR BREAKFAST<\/a><\/div>\n<\/div>\n<\/div><\/div>\n\n\n\n<div class=\"wp-block-media-text alignwide has-media-on-the-right is-stacked-on-mobile\"><div class=\"wp-block-media-text__content\">\n<h2 class=\"wp-block-heading\">Farm-to-table dinners from our kitchen garden<\/h2>\n\n\n\n<p>After a good day&#8217;s sightseeing, all you have to do is enjoy a good dinner, served 2 to 3 evenings a week.<\/p>\n\n\n\n<div class=\"wp-block-buttons is-content-justification-center is-layout-flex wp-container-core-buttons-is-layout-a89b3969 wp-block-buttons-is-layout-flex\">\n<div class=\"wp-block-button\"><a class=\"wp-block-button__link wp-element-button\" href=\"https:\/\/www.lalevriere.com\/en\/our-table-dhotes-for-dinner\/\" target=\"_blank\" rel=\"noreferrer noopener\">BOOK DINNER <\/a><\/div>\n<\/div>\n<\/div><figure class=\"wp-block-media-text__media\"><img decoding=\"async\" src=\"https:\/\/www.lalevriere.com\/wp-content\/uploads\/la-levriere-table-hotes-legumes-bio-potager-1024x683.jpg\" alt=\"\" class=\"wp-image-328 size-full\" \/><\/figure><\/div>\n\n\n\n<div class=\"wp-block-media-text alignwide is-stacked-on-mobile\"><figure class=\"wp-block-media-text__media\"><img decoding=\"async\" src=\"https:\/\/www.lalevriere.com\/wp-content\/uploads\/la-levriere-chambres-hotes-proche-les-andelys-chateau-gaillard-1-1024x682.jpg\" alt=\"\" class=\"wp-image-277 size-full\" \/><\/figure><div class=\"wp-block-media-text__content\">\n<h2 class=\"wp-block-heading\">The perfect base for exploring Normandy<\/h2>\n\n\n\n<p><strong>Giverny, Gisors, Lyons-la-For\u00eat, Ch\u00e2teau Gaillard, Vascoeuil<\/strong> and <strong>Gerberoy<\/strong> are just a few kilometres away. Follow in the footsteps of the Impressionists, discover beautiful Norman villages and castles. You can also easily visit <strong>Paris<\/strong> or <strong>Rouen<\/strong> on a day trip.<\/p>\n\n\n\n<div class=\"wp-block-buttons is-content-justification-center is-layout-flex wp-container-core-buttons-is-layout-a89b3969 wp-block-buttons-is-layout-flex\">\n<div class=\"wp-block-button\"><a class=\"wp-block-button__link wp-element-button\" href=\"https:\/\/www.lalevriere.com\/en\/tourism-near-la-levriere\/\" target=\"_blank\" rel=\"noreferrer noopener\">DISCOVER THE VEXIN NORMAND<\/a><\/div>\n<\/div>\n<\/div><\/div>\n\n\n\n<div class=\"wp-block-media-text alignwide has-media-on-the-right is-stacked-on-mobile\"><div class=\"wp-block-media-text__content\">\n<h2 class=\"wp-block-heading\">Walking and cycling right from our door<\/h2>\n\n\n\n<p>Set off on a hike along the GR125 trail that runs alongside our property. Hop on a bike and ride along the Avenue Verte. The surrounding area offers many beautiful walks and rides, and we will be delighted to recommend some of our favourites.<\/p>\n\n\n\n<div class=\"wp-block-buttons is-content-justification-center is-layout-flex wp-container-core-buttons-is-layout-a89b3969 wp-block-buttons-is-layout-flex\">\n<div class=\"wp-block-button\"><a class=\"wp-block-button__link wp-element-button\" href=\"https:\/\/www.lalevriere.com\/en\/activities-near-la-levriere\/\" target=\"_blank\" rel=\"noreferrer noopener\">PREPARE YOUR STAY<\/a><\/div>\n<\/div>\n<\/div><figure class=\"wp-block-media-text__media\"><img decoding=\"async\" src=\"https:\/\/www.lalevriere.com\/wp-content\/uploads\/la-levriere-maison-hotes-animaux-1024x683.jpg\" alt=\"\" class=\"wp-image-173 size-full\" \/><\/figure><\/div>\n\n\n\n<div class=\"wp-block-media-text alignwide is-stacked-on-mobile\"><figure class=\"wp-block-media-text__media\"><img decoding=\"async\" src=\"https:\/\/www.lalevriere.com\/wp-content\/uploads\/la-levriere-chambres-hotes-weekend-campagne-proche-paris.png\" alt=\"\" class=\"wp-image-160 size-full\" \/><\/figure><div class=\"wp-block-media-text__content\">\n<h2 class=\"wp-block-heading\">Two hectares of garden, a river and farmyard animals<\/h2>\n\n\n\n<p>Enjoy the sweetness of life in our <strong>2 hectare forest garden<\/strong> crossed by the river. Meet our adorable border collie, our horses, chickens, ducks.<\/p>\n\n\n\n<div class=\"wp-block-buttons is-content-justification-center is-layout-flex wp-container-core-buttons-is-layout-a89b3969 wp-block-buttons-is-layout-flex\">\n<div class=\"wp-block-button\"><a class=\"wp-block-button__link wp-element-button\" href=\"https:\/\/www.lalevriere.com\/en\/the-garden\/\" target=\"_blank\" rel=\"noreferrer noopener\">VISIT the garden<\/a><\/div>\n<\/div>\n<\/div><\/div>\n\n\n\n<figure class=\"wp-block-video alignwide\"><video autoplay controls loop muted poster=\"https:\/\/www.lalevriere.com\/wp-content\/uploads\/la-levriere-chambres-hotes-de-charme-1.jpg\" preload=\"auto\" src=\"https:\/\/static.lalevriere.com\/imgs\/la-levriere-vue-du-ciel-video.mp4\" playsinline><\/video><\/figure>\n\n\n\n<div class=\"wp-block-group alignfull has-global-padding is-layout-constrained wp-container-core-group-is-layout-0d85de7f wp-block-group-is-layout-constrained\" style=\"margin-top:0;margin-bottom:0;padding-top:var(--wp--preset--spacing--60);padding-bottom:var(--wp--preset--spacing--60)\">\n<h2 class=\"wp-block-heading alignwide has-xx-large-font-size\">Your reviews<\/h2>\n\n\n\n<div class=\"wp-block-columns alignwide is-layout-flex wp-container-core-columns-is-layout-714d85e9 wp-block-columns-is-layout-flex\">\n<div class=\"wp-block-column has-border-color is-layout-flow wp-block-column-is-layout-flow\" style=\"border-color:var(--wp--preset--color--accent-6);border-width:1px;border-radius:10px;padding-top:var(--wp--preset--spacing--40);padding-right:var(--wp--preset--spacing--40);padding-bottom:var(--wp--preset--spacing--40);padding-left:var(--wp--preset--spacing--40)\">\n<blockquote class=\"wp-block-quote is-style-plain has-x-large-font-size is-layout-flow wp-container-core-quote-is-layout-119bc444 wp-block-quote-is-layout-flow is-style-plain--2\" style=\"font-style:normal;font-weight:400\">\n<div class=\"wp-block-group has-global-padding is-content-justification-left is-layout-constrained wp-container-core-group-is-layout-085bd3d9 wp-block-group-is-layout-constrained\" style=\"margin-top:0;margin-bottom:0;padding-top:0;padding-right:0;padding-bottom:0;padding-left:0\">\n<p class=\"has-medium-font-size\" style=\"font-style:normal;font-weight:400;line-height:1.1\">Our stay at La L\u00e9vri\u00e8re Chambres d&#8217;h\u00f4tes was truly memorable. Set in a beautiful and historic French farmhouse, our room offered lovely views, was quiet and comfortable, and immediately felt like home. Host Margaux welcomed us warmly from the start and provided delicious breakfasts that set the tone for each day. She was exceptionally responsive to our requests and gave us spot-on recommendations for hikes, shopping, and restaurants. The strongest endorsement we can give is this : we will be returning soon for a longer stay.<\/p>\n<\/div>\n<cite>Cal <br><sub>Holiday I Couple<\/sub><\/cite><\/blockquote>\n<\/div>\n\n\n\n<div class=\"wp-block-column has-border-color is-layout-flow wp-block-column-is-layout-flow\" style=\"border-color:var(--wp--preset--color--accent-6);border-width:1px;border-radius:10px;padding-top:var(--wp--preset--spacing--40);padding-right:var(--wp--preset--spacing--40);padding-bottom:var(--wp--preset--spacing--40);padding-left:var(--wp--preset--spacing--40)\">\n<blockquote class=\"wp-block-quote is-style-plain has-x-large-font-size is-layout-flow wp-container-core-quote-is-layout-119bc444 wp-block-quote-is-layout-flow is-style-plain--3\" style=\"font-style:normal;font-weight:400\">\n<div class=\"wp-block-group has-global-padding is-content-justification-left is-layout-constrained wp-container-core-group-is-layout-085bd3d9 wp-block-group-is-layout-constrained\" style=\"margin-top:0;margin-bottom:0;padding-top:0;padding-right:0;padding-bottom:0;padding-left:0\">\n<p class=\"has-medium-font-size\" style=\"font-style:normal;font-weight:400;line-height:1.1\">A wonderful place to stay. Margaux and David were the perfect hosts, lovely bedrooms, delicious food and beautiful countryside. We all had a great time exploring the area &#8211; there is a lot to see ! Many thanks for providing us with such an enjoyable holiday.<\/p>\n<\/div>\n<cite>Ian <br><sub>Holiday I  Family<\/sub><\/cite><\/blockquote>\n<\/div>\n<\/div>\n\n\n\n<div class=\"wp-block-columns alignwide is-layout-flex wp-container-core-columns-is-layout-714d85e9 wp-block-columns-is-layout-flex\">\n<div class=\"wp-block-column has-border-color is-layout-flow wp-block-column-is-layout-flow\" style=\"border-color:var(--wp--preset--color--accent-6);border-width:1px;border-radius:10px;padding-top:var(--wp--preset--spacing--40);padding-right:var(--wp--preset--spacing--40);padding-bottom:var(--wp--preset--spacing--40);padding-left:var(--wp--preset--spacing--40)\">\n<blockquote class=\"wp-block-quote is-style-plain has-medium-font-size is-layout-flow wp-container-core-quote-is-layout-119bc444 wp-block-quote-is-layout-flow is-style-plain--4\" style=\"font-style:normal;font-weight:400\">\n<div class=\"wp-block-group has-global-padding is-content-justification-left is-layout-constrained wp-container-core-group-is-layout-085bd3d9 wp-block-group-is-layout-constrained\" style=\"margin-top:0;margin-bottom:0;padding-top:0;padding-right:0;padding-bottom:0;padding-left:0\">\n<p class=\"has-medium-font-size\" style=\"line-height:1.1\">Wow &#8211; what a wonderful place and with such generous and friendly hosts. Margaux goes above and beyond to make you feel at home and connected with the environment. This is a beautiful place to relax and recharge. Breakfast and dinner were so so tasty, I hope to go back !<\/p>\n<\/div>\n<cite>Ria<br><sub>Holiday I Couple<\/sub><\/cite><\/blockquote>\n<\/div>\n\n\n\n<div class=\"wp-block-column has-border-color is-layout-flow wp-block-column-is-layout-flow\" style=\"border-color:var(--wp--preset--color--accent-6);border-width:1px;border-radius:10px;padding-top:var(--wp--preset--spacing--40);padding-right:var(--wp--preset--spacing--40);padding-bottom:var(--wp--preset--spacing--40);padding-left:var(--wp--preset--spacing--40)\">\n<blockquote class=\"wp-block-quote is-style-plain has-x-large-font-size is-layout-flow wp-container-core-quote-is-layout-119bc444 wp-block-quote-is-layout-flow is-style-plain--5\" style=\"font-style:normal;font-weight:400\">\n<div class=\"wp-block-group has-global-padding is-content-justification-left is-layout-constrained wp-container-core-group-is-layout-085bd3d9 wp-block-group-is-layout-constrained\" style=\"margin-top:0;margin-bottom:0;padding-top:0;padding-right:0;padding-bottom:0;padding-left:0\">\n<p class=\"has-medium-font-size\" style=\"line-height:1.1\">What not to love ! We had an amazing stay, nature, friendly and amazing breakfast. Perfect location to discover the environment and Paris when you want. Perfect place with kids, they loved Rio the dog. Hope to meet again !<\/p>\n<\/div>\n<cite>Francis<br><sub>Holiday I  Family <\/sub><\/cite><\/blockquote>\n<\/div>\n<\/div>\n<\/div>\n\n\n\n<div class=\"wp-block-buttons is-content-justification-center is-layout-flex wp-container-core-buttons-is-layout-a89b3969 wp-block-buttons-is-layout-flex\">\n<div class=\"wp-block-button\"><a class=\"wp-block-button__link wp-element-button\" href=\"https:\/\/booking.lalevriere.com\/en-GB\/reservez-en-ligne\">BOOK YOUR STAY <\/a><\/div>\n<\/div>\n\n\n\n<figure class=\"wp-block-gallery has-nested-images columns-default is-cropped wp-block-gallery-6 is-layout-flex wp-block-gallery-is-layout-flex\">\n<figure class=\"wp-block-image size-large\"><img loading=\"lazy\" decoding=\"async\" width=\"1024\" height=\"683\" data-id=\"801\" src=\"https:\/\/www.lalevriere.com\/en\/wp-content\/uploads\/sites\/2\/la-levriere-chambre-hotes-saint-denis-le-ferment-potager-bio-copy-1024x683.jpg\" alt=\"\" class=\"wp-image-801\" srcset=\"https:\/\/www.lalevriere.com\/en\/wp-content\/uploads\/sites\/2\/la-levriere-chambre-hotes-saint-denis-le-ferment-potager-bio-copy-1024x683.jpg 1024w, https:\/\/www.lalevriere.com\/en\/wp-content\/uploads\/sites\/2\/la-levriere-chambre-hotes-saint-denis-le-ferment-potager-bio-copy-300x200.jpg 300w, https:\/\/www.lalevriere.com\/en\/wp-content\/uploads\/sites\/2\/la-levriere-chambre-hotes-saint-denis-le-ferment-potager-bio-copy-768x512.jpg 768w, https:\/\/www.lalevriere.com\/en\/wp-content\/uploads\/sites\/2\/la-levriere-chambre-hotes-saint-denis-le-ferment-potager-bio-copy.jpg 1500w\" sizes=\"auto, (max-width: 1024px) 100vw, 1024px\" \/><\/figure>\n\n\n\n<figure class=\"wp-block-image size-large\"><img loading=\"lazy\" decoding=\"async\" width=\"932\" height=\"512\" data-id=\"800\" src=\"https:\/\/www.lalevriere.com\/en\/wp-content\/uploads\/sites\/2\/la-levriere-chambres-hotes-normandie.jpg\" alt=\"\" class=\"wp-image-800\" srcset=\"https:\/\/www.lalevriere.com\/en\/wp-content\/uploads\/sites\/2\/la-levriere-chambres-hotes-normandie.jpg 932w, https:\/\/www.lalevriere.com\/en\/wp-content\/uploads\/sites\/2\/la-levriere-chambres-hotes-normandie-300x165.jpg 300w, https:\/\/www.lalevriere.com\/en\/wp-content\/uploads\/sites\/2\/la-levriere-chambres-hotes-normandie-768x422.jpg 768w\" sizes=\"auto, (max-width: 932px) 100vw, 932px\" \/><\/figure>\n\n\n\n<figure class=\"wp-block-image size-large\"><img loading=\"lazy\" decoding=\"async\" width=\"1024\" height=\"683\" data-id=\"802\" src=\"https:\/\/www.lalevriere.com\/en\/wp-content\/uploads\/sites\/2\/la-levriere-chambres-hotes-1h-paris-1024x683.jpg\" alt=\"\" class=\"wp-image-802\" srcset=\"https:\/\/www.lalevriere.com\/en\/wp-content\/uploads\/sites\/2\/la-levriere-chambres-hotes-1h-paris-1024x683.jpg 1024w, https:\/\/www.lalevriere.com\/en\/wp-content\/uploads\/sites\/2\/la-levriere-chambres-hotes-1h-paris-300x200.jpg 300w, https:\/\/www.lalevriere.com\/en\/wp-content\/uploads\/sites\/2\/la-levriere-chambres-hotes-1h-paris-768x512.jpg 768w, https:\/\/www.lalevriere.com\/en\/wp-content\/uploads\/sites\/2\/la-levriere-chambres-hotes-1h-paris.jpg 1500w\" sizes=\"auto, (max-width: 1024px) 100vw, 1024px\" \/><\/figure>\n<\/figure>\n\n\n\n<p><\/p>\n","protected":false},"excerpt":{"rendered":"<p>A charming guesthouse in Normandy near Giverny Welcome to La L\u00e9vri\u00e8re, a family-run guesthouse nestled in 2 hectares of riverside gardens, perfectly placed for exploring Normandy\u2019s finest : the famous gardens of Claude Monet in Giverny, the pretty villages of Lyons la For\u00eat and Gerberoy, Ch\u00e2teau\u00a0Gaillard, the medieval city of Rouen&#8230;\u00a0 After a good day&#8217;s [&hellip;]<\/p>\n","protected":false},"author":2,"featured_media":0,"parent":0,"menu_order":0,"comment_status":"closed","ping_status":"closed","template":"page-no-title","meta":{"_seopress_robots_primary_cat":"","_seopress_titles_title":"La L\u00e9vri\u00e8re, Normandy guesthouse near Giverny, 1h from Paris","_seopress_titles_desc":"Charming guesthouse in the normandy countryside, 40 min from Giverny. 4 cosy rooms, homemade breakfast, farm-to-table-dinners. Book direct.","_seopress_robots_index":"","footnotes":""},"class_list":["post-294","page","type-page","status-publish","hentry"],"_links":{"self":[{"href":"https:\/\/www.lalevriere.com\/en\/wp-json\/wp\/v2\/pages\/294","targetHints":{"allow":["GET"]}}],"collection":[{"href":"https:\/\/www.lalevriere.com\/en\/wp-json\/wp\/v2\/pages"}],"about":[{"href":"https:\/\/www.lalevriere.com\/en\/wp-json\/wp\/v2\/types\/page"}],"author":[{"embeddable":true,"href":"https:\/\/www.lalevriere.com\/en\/wp-json\/wp\/v2\/users\/2"}],"replies":[{"embeddable":true,"href":"https:\/\/www.lalevriere.com\/en\/wp-json\/wp\/v2\/comments?post=294"}],"version-history":[{"count":63,"href":"https:\/\/www.lalevriere.com\/en\/wp-json\/wp\/v2\/pages\/294\/revisions"}],"predecessor-version":[{"id":841,"href":"https:\/\/www.lalevriere.com\/en\/wp-json\/wp\/v2\/pages\/294\/revisions\/841"}],"wp:attachment":[{"href":"https:\/\/www.lalevriere.com\/en\/wp-json\/wp\/v2\/media?parent=294"}],"curies":[{"name":"wp","href":"https:\/\/api.w.org\/{rel}","templated":true}]}}