{"id":302,"date":"2023-05-17T08:38:32","date_gmt":"2023-05-17T08:38:32","guid":{"rendered":"https:\/\/www.lalevriere.com\/en\/?page_id=302"},"modified":"2026-03-17T11:06:28","modified_gmt":"2026-03-17T11:06:28","slug":"the-house","status":"publish","type":"page","link":"https:\/\/www.lalevriere.com\/en\/the-house\/","title":{"rendered":"La L\u00e9vri\u00e8re, a Norman guesthouse with a story"},"content":{"rendered":"\n<figure class=\"wp-block-gallery has-nested-images columns-default is-cropped wp-block-gallery-1 is-layout-flex wp-block-gallery-is-layout-flex\">\n<figure class=\"wp-block-image size-large\"><img decoding=\"async\" data-id=\"145\" src=\"https:\/\/www.lalevriere.com\/wp-content\/uploads\/la-levriere-chambres-hotes-de-charme-1-1024x767.jpg\" alt=\"\" class=\"wp-image-145\" \/><\/figure>\n<\/figure>\n\n\n\n<figure class=\"wp-block-gallery alignfull has-nested-images columns-default is-cropped wp-block-gallery-2 is-layout-flex wp-block-gallery-is-layout-flex\">\n<figure class=\"wp-block-image size-large\"><a href=\"https:\/\/www.lalevriere.com\/wp-content\/uploads\/la-levriere-chambres-hotes-vexin-normand-eure.jpg\"><img decoding=\"async\" data-id=\"143\" src=\"https:\/\/www.lalevriere.com\/wp-content\/uploads\/la-levriere-chambres-hotes-vexin-normand-eure-683x1024.jpg\" alt=\"\" class=\"wp-image-143\" \/><\/a><\/figure>\n\n\n\n<figure class=\"wp-block-image size-large\"><a href=\"https:\/\/www.lalevriere.com\/wp-content\/uploads\/la-levriere-maison-de-campagne-1h-paris.jpg\"><img decoding=\"async\" data-id=\"142\" src=\"https:\/\/www.lalevriere.com\/wp-content\/uploads\/la-levriere-maison-de-campagne-1h-paris-683x1024.jpg\" alt=\"\" class=\"wp-image-142\" \/><\/a><\/figure>\n<\/figure>\n\n\n\n<div class=\"wp-block-group is-layout-flow wp-block-group-is-layout-flow\">\n<p>We have imagined La L\u00e9vri\u00e8re as <strong>a country house, your country house<\/strong>. A unique place, near <strong>Giverny,<\/strong> 1 hour from Paris, where you can come and breathe, recharge your batteries, take a breath of fresh air and enjoy nature after a good day&#8217;s sightseeing in our beautiful Normandy. A place where you can come for a <strong>romantic getaway<\/strong> or a <strong>holiday in the countryside with family.<\/strong><\/p>\n\n\n\n<p>The guest house is independent, so that you feel at home. It can be<strong> privatized for your personal, family and professional events (seminars, shootings).<\/strong><\/p>\n\n\n\n<figure class=\"wp-block-gallery alignfull has-nested-images columns-default is-cropped wp-block-gallery-3 is-layout-flex wp-block-gallery-is-layout-flex\">\n<figure class=\"wp-block-image size-large\"><a href=\"https:\/\/www.lalevriere.com\/wp-content\/uploads\/la-levriere-chambres-hotes-1h-paris.jpg\"><img decoding=\"async\" data-id=\"147\" src=\"https:\/\/www.lalevriere.com\/wp-content\/uploads\/la-levriere-chambres-hotes-1h-paris-1024x683.jpg\" alt=\"\" class=\"wp-image-147\" \/><\/a><\/figure>\n<\/figure>\n\n\n\n<blockquote class=\"wp-block-quote is-layout-flow wp-block-quote-is-layout-flow\">\n<p class=\"has-text-align-center\"><strong>&#8220;A natural and slow life interlude, that&#8217;s what you&#8217;ll find at La L\u00e9vri\u00e8re.<\/strong><\/p>\n<\/blockquote>\n<\/div>\n\n\n\n<div class=\"wp-block-buttons is-content-justification-center is-layout-flex wp-container-core-buttons-is-layout-a89b3969 wp-block-buttons-is-layout-flex\">\n<div class=\"wp-block-button\"><a class=\"wp-block-button__link has-accent-5-color has-custom-background-color has-text-color has-background has-link-color wp-element-button\" href=\"https:\/\/booking.lalevriere.com\/en-GB\/reservez-en-ligne\" target=\"_blank\" rel=\"noreferrer noopener\">BOOK YOUR STAY<\/a><\/div>\n<\/div>\n\n\n\n<h2 class=\"wp-block-heading\">Why we created La L\u00e9vri\u00e8re<\/h2>\n\n\n\n<p>We are Margaux and David. We are lovers of nature, animals, our lovely village of\u00a0Saint-Denis-le-Ferment, and our beautiful Norman region.<\/p>\n\n\n\n<p>We designed\u00a0La L\u00e9vri\u00e8re\u00a0as a cosy haven, where we invite you to unpack your bags, slow down, reconnect with what truly matters, and immerse yourself in nature.<\/p>\n\n\n\n<p>During your stay, we will take great care of you so you can fully switch off. We will also be delighted to share our favourite places and local recommendations with you.<\/p>\n\n\n\n<div class=\"wp-block-group is-layout-flow wp-block-group-is-layout-flow\">\n<figure class=\"wp-block-image alignfull size-large\"><img decoding=\"async\" src=\"https:\/\/www.lalevriere.com\/wp-content\/uploads\/la-levriere-chambres-hotes-weekend-normandie-copy-1024x683.jpg\" alt=\"\" class=\"wp-image-148\" \/><\/figure>\n\n\n\n<p>When we arrived at La L\u00e9vri\u00e8re, we had several dreams. The first one was ambitious : to achieve a form of <strong>food self-sufficiency by producing our own organic fruit and vegetables in permaculture<\/strong>, to grow old, forgotten varieties, and of course, not to use chemicals. We are now delighted to offer you the opportunity to taste our produce with <strong>our table d&#8217;h\u00f4tes based on the organic vegetables from our garden.<\/strong><\/p>\n\n\n\n<figure class=\"wp-block-gallery alignfull has-nested-images columns-default is-cropped wp-block-gallery-4 is-layout-flex wp-block-gallery-is-layout-flex\">\n<figure class=\"wp-block-image size-large\"><a href=\"https:\/\/www.lalevriere.com\/wp-content\/uploads\/la-levriere-chambres-hotes-potager-bio-permaculture-copy-2.jpg\"><img decoding=\"async\" data-id=\"149\" src=\"https:\/\/www.lalevriere.com\/wp-content\/uploads\/la-levriere-chambres-hotes-potager-bio-permaculture-copy-2-1024x682.jpg\" alt=\"\" class=\"wp-image-149\" \/><\/a><\/figure>\n<\/figure>\n\n\n\n<p>The second was a childhood dream : <strong>to live with animals<\/strong>, to have enough land to have horses, chickens and a dog. This was without counting on the wild ducks, birds and deer, which also share our forest garden and which we never tire of watching.<\/p>\n\n\n\n<figure class=\"wp-block-gallery alignfull has-nested-images columns-default is-cropped wp-block-gallery-5 is-layout-flex wp-block-gallery-is-layout-flex\">\n<figure class=\"wp-block-image size-large\"><a href=\"https:\/\/www.lalevriere.com\/wp-content\/uploads\/la-levriere-chambres-hote-weekend-vacances-campagne-copy.jpg\"><img decoding=\"async\" data-id=\"150\" src=\"https:\/\/www.lalevriere.com\/wp-content\/uploads\/la-levriere-chambres-hote-weekend-vacances-campagne-copy-1024x683.jpg\" alt=\"\" class=\"wp-image-150\" \/><\/a><\/figure>\n<\/figure>\n\n\n\n<p>Then, t<strong>o slow down<\/strong>, to escape the hustle and bustle, <strong>to live to the rhythm of nature and its season<\/strong>s, to (re)find a simplicity and a gentleness of life. <\/p>\n<\/div>\n\n\n\n<h2 class=\"wp-block-heading\">Our green approach<\/h2>\n\n\n\n<div class=\"wp-block-group is-layout-flow wp-block-group-is-layout-flow\">\n<figure class=\"wp-block-image size-large\"><img decoding=\"async\" src=\"https:\/\/www.lalevriere.com\/wp-content\/uploads\/la-levriere-chambres-hotes-vexin-1024x426.jpg\" alt=\"\" class=\"wp-image-163\" \/><\/figure>\n\n\n\n<p>Everyone must do their part, at their own level, as the legend of the little hummingbird who tries to put out the fire that is ravaging the forest illustrates so well. At La L\u00e9vri\u00e8re, <strong>we try to limit our ecological impact as much as possible<\/strong>. We also try to <strong>limit our consumption <\/strong>: we like to give a second life to old objects, to collect things, to make our furniture from local wood\u2026<\/p>\n\n\n\n<p><strong>We favour short circuits<\/strong>, local and organic products. <strong>The organic vegetables that you eat at our table d&#8217;h\u00f4tes come directly from our vegetable garden<\/strong>, and the fruit, as soon as possible, from our orchard.<\/p>\n\n\n\n<p>We have adopted e<strong>nvironmentally friendly cleaning products<\/strong>, we recycle, we have a compost\u2026 and chickens : thanks to them, <strong>no food waste !<\/strong><\/p>\n\n\n\n<p>We try to reduce our waste as much as possible, the use of plastic, and watch our electricity and water consumption.<\/p>\n\n\n\n<p>As we are constantly striving to improve, <strong>we are also keen to hear your good ideas <\/strong>on how we can make a difference !<\/p>\n<\/div>\n","protected":false},"excerpt":{"rendered":"<p>We have imagined La L\u00e9vri\u00e8re as a country house, your country house. A unique place, near Giverny, 1 hour from Paris, where you can come and breathe, recharge your batteries, take a breath of fresh air and enjoy nature after a good day&#8217;s sightseeing in our beautiful Normandy. A place where you can come for [&hellip;]<\/p>\n","protected":false},"author":2,"featured_media":0,"parent":0,"menu_order":0,"comment_status":"closed","ping_status":"closed","template":"","meta":{"_seopress_robots_primary_cat":"","_seopress_titles_title":"La L\u00e9vri\u00e8re, a Norman guesthouse with a story","_seopress_titles_desc":"La L\u00e9vri\u00e8re is a unique place near Giverny and a perfect base for exploring Normandy.","_seopress_robots_index":"","footnotes":""},"class_list":["post-302","page","type-page","status-publish","hentry"],"_links":{"self":[{"href":"https:\/\/www.lalevriere.com\/en\/wp-json\/wp\/v2\/pages\/302","targetHints":{"allow":["GET"]}}],"collection":[{"href":"https:\/\/www.lalevriere.com\/en\/wp-json\/wp\/v2\/pages"}],"about":[{"href":"https:\/\/www.lalevriere.com\/en\/wp-json\/wp\/v2\/types\/page"}],"author":[{"embeddable":true,"href":"https:\/\/www.lalevriere.com\/en\/wp-json\/wp\/v2\/users\/2"}],"replies":[{"embeddable":true,"href":"https:\/\/www.lalevriere.com\/en\/wp-json\/wp\/v2\/comments?post=302"}],"version-history":[{"count":7,"href":"https:\/\/www.lalevriere.com\/en\/wp-json\/wp\/v2\/pages\/302\/revisions"}],"predecessor-version":[{"id":810,"href":"https:\/\/www.lalevriere.com\/en\/wp-json\/wp\/v2\/pages\/302\/revisions\/810"}],"wp:attachment":[{"href":"https:\/\/www.lalevriere.com\/en\/wp-json\/wp\/v2\/media?parent=302"}],"curies":[{"name":"wp","href":"https:\/\/api.w.org\/{rel}","templated":true}]}}