{"id":318,"date":"2023-04-15T13:29:32","date_gmt":"2023-04-15T13:29:32","guid":{"rendered":"https:\/\/www.lalevriere.com\/en\/?page_id=318"},"modified":"2026-03-18T08:08:23","modified_gmt":"2026-03-18T08:08:23","slug":"the-micro-farm","status":"publish","type":"page","link":"https:\/\/www.lalevriere.com\/en\/the-micro-farm\/","title":{"rendered":"Our organic micro-farm and kitchen-garden"},"content":{"rendered":"\n<figure class=\"wp-block-image alignfull size-large\"><img decoding=\"async\" src=\"https:\/\/www.lalevriere.com\/wp-content\/uploads\/la-levriere-chambre-hotes-saint-denis-le-ferment-potager-bio-copy-1024x683.jpg\" alt=\"\" class=\"wp-image-171\" \/><\/figure>\n\n\n\n<div class=\"wp-block-columns is-layout-flex wp-container-core-columns-is-layout-28f84493 wp-block-columns-is-layout-flex\">\n<div class=\"wp-block-column is-layout-flow wp-block-column-is-layout-flow\" style=\"flex-basis:33.33%\">\n<h2 class=\"wp-block-heading\">The vegetable garden-orchard<\/h2>\n\n\n\n<p>When we first arrived at La Levri\u00e8re, the garden was a large, untouched piece of land that looked like a jungle. <strong>We created a vegetable garden, planted an orchard<\/strong>, and set up a <strong>micro-farm<\/strong> to provide most of our needs and those of our guests for vegetables and fruit. <strong>Our <a href=\"https:\/\/www.lalevriere.com\/en\/our-table-dhotes-for-dinner\/\" data-type=\"page\" data-id=\"311\">farm-to-table dinner<\/a> is cooked with our organic vegetables.<\/strong><\/p>\n<\/div>\n\n\n\n<div class=\"wp-block-column is-vertically-aligned-center is-layout-flow wp-block-column-is-layout-flow\" style=\"flex-basis:66.66%\">\n<figure class=\"wp-block-image size-full\"><img decoding=\"async\" src=\"https:\/\/www.lalevriere.com\/wp-content\/uploads\/la-levriere-chambre-hotes-microferme.png\" alt=\"\" class=\"wp-image-169\" \/><\/figure>\n<\/div>\n<\/div>\n\n\n\n<div class=\"wp-block-group is-layout-flow wp-block-group-is-layout-flow\">\n<figure class=\"wp-block-gallery alignfull has-nested-images columns-default is-cropped wp-block-gallery-1 is-layout-flex wp-block-gallery-is-layout-flex\">\n<figure class=\"wp-block-image size-large\"><a href=\"https:\/\/www.lalevriere.com\/wp-content\/uploads\/la-levriere-chambres-hotes-legumes-bio-du-jardin.jpg\"><img decoding=\"async\" data-id=\"170\" src=\"https:\/\/www.lalevriere.com\/wp-content\/uploads\/la-levriere-chambres-hotes-legumes-bio-du-jardin-1024x683.jpg\" alt=\"\" class=\"wp-image-170\" \/><\/a><\/figure>\n<\/figure>\n\n\n\n<p>Part of the garden has been left wild to conserve <strong>endemic species and pollinators<\/strong>.<\/p>\n\n\n\n<p>We are developing <strong>our own varieties of certain vegetables<\/strong>, adapted to the particular conditions of a riverside.<\/p>\n\n\n\n<figure class=\"wp-block-gallery alignfull has-nested-images columns-default is-cropped wp-block-gallery-2 is-layout-flex wp-block-gallery-is-layout-flex\">\n<figure class=\"wp-block-image size-large\"><img decoding=\"async\" data-id=\"328\" src=\"https:\/\/www.lalevriere.com\/wp-content\/uploads\/la-levriere-table-hotes-legumes-bio-potager-1024x683.jpg\" alt=\"\" class=\"wp-image-328\" \/><\/figure>\n<\/figure>\n<\/div>\n\n\n\n<h2 class=\"wp-block-heading\">Our animals : horses, chickens and wild visitors<\/h2>\n\n\n\n<div class=\"wp-block-group is-layout-flow wp-block-group-is-layout-flow\">\n<figure class=\"wp-block-gallery alignfull has-nested-images columns-default is-cropped wp-block-gallery-3 is-layout-flex wp-block-gallery-is-layout-flex\">\n<figure class=\"wp-block-image size-large\"><a href=\"https:\/\/www.lalevriere.com\/wp-content\/uploads\/la-levriere-chambres-hotes-normandie-1.jpg\"><img decoding=\"async\" data-id=\"174\" src=\"https:\/\/www.lalevriere.com\/wp-content\/uploads\/la-levriere-chambres-hotes-normandie-1-1024x1024.jpg\" alt=\"\" class=\"wp-image-174\" \/><\/a><\/figure>\n\n\n\n<figure class=\"wp-block-image size-large\"><a href=\"https:\/\/www.lalevriere.com\/wp-content\/uploads\/la-levriere-chambre-hotes-poussins.jpg\"><img decoding=\"async\" data-id=\"333\" src=\"https:\/\/www.lalevriere.com\/wp-content\/uploads\/la-levriere-chambre-hotes-poussins-1024x1005.jpg\" alt=\"\" class=\"wp-image-333\" \/><\/a><\/figure>\n<\/figure>\n\n\n\n<figure class=\"wp-block-image alignfull size-large\"><a href=\"https:\/\/www.lalevriere.com\/wp-content\/uploads\/la-levriere-maison-hotes-animaux.jpg\"><img decoding=\"async\" src=\"https:\/\/www.lalevriere.com\/wp-content\/uploads\/la-levriere-maison-hotes-animaux-1024x683.jpg\" alt=\"\" class=\"wp-image-173\" \/><\/a><\/figure>\n\n\n\n<div class=\"wp-block-group has-global-padding is-layout-constrained wp-block-group-is-layout-constrained\">\n<p>We are lucky to share our life with <strong>our dog Rio<\/strong>, an adorable Border Collie who loves playing with our guests, <strong>our horses<\/strong>, who stay in the garden during the warmer months, and <strong>our chickens<\/strong>, which children love to feed during a visit to the henhouse and which provide us with delicious eggs every morning.<\/p>\n\n\n\n<figure class=\"wp-block-gallery alignfull has-nested-images columns-default is-cropped wp-block-gallery-4 is-layout-flex wp-block-gallery-is-layout-flex\">\n<figure class=\"wp-block-image size-large\"><img decoding=\"async\" data-id=\"329\" src=\"https:\/\/www.lalevriere.com\/wp-content\/uploads\/IMG_2765-1024x1024.jpg\" alt=\"\" class=\"wp-image-329\" \/><\/figure>\n<\/figure>\n\n\n\n<div class=\"wp-block-group has-global-padding is-layout-constrained wp-block-group-is-layout-constrained\">\n<p><strong>Wild ducks<\/strong> live in the garden, we are also blessed with <strong>many birds<\/strong>, <strong>moorhens, frogs<\/strong>, and the occasional visit from <strong>deer<\/strong>.<\/p>\n<\/div>\n<\/div>\n<\/div>\n\n\n\n<figure class=\"wp-block-gallery has-nested-images columns-default is-cropped wp-block-gallery-5 is-layout-flex wp-block-gallery-is-layout-flex\">\n<figure class=\"wp-block-image size-large\"><a href=\"https:\/\/www.lalevriere.com\/wp-content\/uploads\/randonne-chemin-la-reine-blanche-scaled.jpg\"><img decoding=\"async\" data-id=\"332\" src=\"https:\/\/www.lalevriere.com\/wp-content\/uploads\/randonne-chemin-la-reine-blanche-1024x683.jpg\" alt=\"\" class=\"wp-image-332\" \/><\/a><\/figure>\n\n\n\n<figure class=\"wp-block-image size-large\"><a href=\"https:\/\/www.lalevriere.com\/wp-content\/uploads\/la-levriere-chambres-hotes-rando-campagne-chevreuils.jpg\"><img decoding=\"async\" data-id=\"337\" src=\"https:\/\/www.lalevriere.com\/wp-content\/uploads\/la-levriere-chambres-hotes-rando-campagne-chevreuils-1024x677.jpg\" alt=\"\" class=\"wp-image-337\" \/><\/a><\/figure>\n<\/figure>\n\n\n\n<div class=\"wp-block-group is-layout-flow wp-block-group-is-layout-flow\">\n<p><strong>Take La Reine Blanche walking path <\/strong>at the bottom of the garden for a <strong>stroll through the countryside amidst meadows of cows, horses<\/strong>\u2026 You may encounter roe deer. In the rutting season, you can hear the deer calling from the garden and perhaps catch a glimpse of them\u2026<\/p>\n<\/div>\n\n\n\n<div class=\"wp-block-buttons is-content-justification-center is-layout-flex wp-container-core-buttons-is-layout-a89b3969 wp-block-buttons-is-layout-flex\">\n<div class=\"wp-block-button\"><a class=\"wp-block-button__link has-accent-5-color has-custom-background-color has-text-color has-background has-link-color wp-element-button\" href=\"https:\/\/booking.lalevriere.com\/en-GB\/reservez-en-ligne\" target=\"_blank\" rel=\"noreferrer noopener\">BOOK YOUR STAY<\/a><\/div>\n<\/div>\n\n\n\n<p><\/p>\n","protected":false},"excerpt":{"rendered":"<p>The vegetable garden-orchard When we first arrived at La Levri\u00e8re, the garden was a large, untouched piece of land that looked like a jungle. We created a vegetable garden, planted an orchard, and set up a micro-farm to provide most of our needs and those of our guests for vegetables and fruit. Our farm-to-table dinner [&hellip;]<\/p>\n","protected":false},"author":2,"featured_media":0,"parent":0,"menu_order":0,"comment_status":"closed","ping_status":"closed","template":"","meta":{"_seopress_robots_primary_cat":"","_seopress_titles_title":"The organic micro-farm and kitchen-garden - La L\u00e9vri\u00e8re","_seopress_titles_desc":"La L\u00e9vri\u00e8re is home to a small micro-farm with an organic vegetable garden that supplies our farm-to-table dinner, as well as animals : chickens, horses and wild ducks.","_seopress_robots_index":"","footnotes":""},"class_list":["post-318","page","type-page","status-publish","hentry"],"_links":{"self":[{"href":"https:\/\/www.lalevriere.com\/en\/wp-json\/wp\/v2\/pages\/318","targetHints":{"allow":["GET"]}}],"collection":[{"href":"https:\/\/www.lalevriere.com\/en\/wp-json\/wp\/v2\/pages"}],"about":[{"href":"https:\/\/www.lalevriere.com\/en\/wp-json\/wp\/v2\/types\/page"}],"author":[{"embeddable":true,"href":"https:\/\/www.lalevriere.com\/en\/wp-json\/wp\/v2\/users\/2"}],"replies":[{"embeddable":true,"href":"https:\/\/www.lalevriere.com\/en\/wp-json\/wp\/v2\/comments?post=318"}],"version-history":[{"count":6,"href":"https:\/\/www.lalevriere.com\/en\/wp-json\/wp\/v2\/pages\/318\/revisions"}],"predecessor-version":[{"id":824,"href":"https:\/\/www.lalevriere.com\/en\/wp-json\/wp\/v2\/pages\/318\/revisions\/824"}],"wp:attachment":[{"href":"https:\/\/www.lalevriere.com\/en\/wp-json\/wp\/v2\/media?parent=318"}],"curies":[{"name":"wp","href":"https:\/\/api.w.org\/{rel}","templated":true}]}}