{"id":320,"date":"2023-04-15T14:25:13","date_gmt":"2023-04-15T14:25:13","guid":{"rendered":"https:\/\/www.lalevriere.com\/en\/?page_id=320"},"modified":"2026-03-18T08:50:46","modified_gmt":"2026-03-18T08:50:46","slug":"frequently-asked-questions","status":"publish","type":"page","link":"https:\/\/www.lalevriere.com\/en\/frequently-asked-questions\/","title":{"rendered":"Frequently asked questions"},"content":{"rendered":"\n<figure class=\"wp-block-gallery alignwide has-nested-images columns-default is-cropped wp-block-gallery-1 is-layout-flex wp-block-gallery-is-layout-flex\">\n<figure class=\"wp-block-image size-large\"><img decoding=\"async\" data-id=\"141\" src=\"https:\/\/www.lalevriere.com\/wp-content\/uploads\/la-levriere-chambre-hotes-1h-paris-1024x683.jpg\" alt=\"\" class=\"wp-image-141\" \/><\/figure>\n<\/figure>\n\n\n\n<div class=\"wp-block-group alignwide is-layout-flow wp-block-group-is-layout-flow\">\n<h3 class=\"wp-block-heading\"><strong>Where is La L\u00e9vri\u00e8re located ?<\/strong><\/h3>\n\n\n\n<p>We are in the heart of Vexin Normand, in the village of Saint Denis le Ferment, 1 hour from Paris.<\/p>\n\n\n\n<h3 class=\"wp-block-heading\"><strong>What are the nearest points of interest to La L\u00e9vri\u00e8re ?<\/strong><\/h3>\n\n\n\n<p><strong>Giverny<\/strong> <strong>with Claude Monet&#8217;s house<\/strong> and its splendid gardens (40 minutes from our house). <strong>Gisors,<\/strong> 10 minutes. The lovely villages of <strong>Reilly<\/strong> and <strong>Lyons-la-For\u00eat<\/strong> are 20 minutes away, with <strong>Mortemer Abbey<\/strong> and <strong>Vascoeuil Castle<\/strong> just outside Lyons. Within 30 minutes you have the pretty village of <strong>Gerberoy<\/strong>, and just before that the <strong>abbey of Saint Germer de Fly<\/strong>, <strong>Vernon<\/strong>, <strong>La Roche Guyon, Les Andelys with Ch\u00e2teau Gaillard<\/strong>\u2026 We have listed <a href=\"https:\/\/www.lalevriere.com\/en\/tourism-near-la-levriere\/\" data-type=\"page\" data-id=\"107\">here<\/a> the must-sees of the Vexin Normand. We are also 5 minutes from the <strong>equestrian centre of La Bonde<\/strong>, which organises <strong>international Pony Games competitions<\/strong> every year.<\/p>\n\n\n\n<h3 class=\"wp-block-heading\"><strong>At what time can we arrive ?<\/strong><\/h3>\n\n\n\n<p>The times are set to give you the best possible welcome. Arrivals are between 5pm and 7pm.<\/p>\n\n\n\n<h3 class=\"wp-block-heading\"><strong>At what time should we leave the room ?<\/strong><\/h3>\n\n\n\n<p>Departure time is 11am at the latest.<\/p>\n\n\n\n<h3 class=\"wp-block-heading\"><strong>Is breakfast included in the price ? <\/strong><\/h3>\n\n\n\n<p>A generous gourmet breakfast, homemade and locally sourced, is included and served to you every morning.<\/p>\n\n\n\n<h3 class=\"wp-block-heading\"><strong>Do you offer table d&#8217;h\u00f4tes?<\/strong><\/h3>\n\n\n\n<p>Yes, an evening meal is served on certain evenings, upon reservation.<\/p>\n\n\n\n<h3 class=\"wp-block-heading\"><strong>Is there a parking ? <\/strong><\/h3>\n\n\n\n<p>Yes, you can park in a secure parking area on our property.<\/p>\n\n\n\n<h3 class=\"wp-block-heading\"><strong>Do you speak English ? <\/strong><\/h3>\n\n\n\n<p>Yes, we welcome our guests in both French and English.<br><\/p>\n\n\n\n<h3 class=\"wp-block-heading\"><strong>Do you welcome babies ?<\/strong><\/h3>\n\n\n\n<p>For the comfort of all our guests, we are delighted to welcome babies who are sleeping through the night. We provide a baby bed, a high chair, a bathtub\u2026<\/p>\n\n\n\n<h3 class=\"wp-block-heading\"><strong>Do you accept pets ?<\/strong><\/h3>\n\n\n\n<p>The presence of our animals (our dog, which does not have access to the interior of the guest house, our hens, our horses), makes it impossible to bring your pets.<\/p>\n\n\n\n<h3 class=\"wp-block-heading\"><strong>Can we bring our bikes ?<\/strong><\/h3>\n\n\n\n<p>Yes, you can put them in our garage. We are <strong>close to the Avenue Verte<\/strong>, which links Paris to London. If you come from Paris, you can take the train (line J) to Gisors with your bike and then join us. You can also hire bikes in Gisors.<\/p>\n\n\n\n<h3 class=\"wp-block-heading\"><strong>How far are you from the ferry ports ?<\/strong><\/h3>\n\n\n\n<p>We are 2,5 hours from Calais and 1,5 hour from Dieppe by car. <\/p>\n\n\n\n<h3 class=\"wp-block-heading\"><strong>Can you recommend local restaurants ? <\/strong><\/h3>\n\n\n\n<p>Yes, we have some excellent restaurants close to the house, and we will be happy to recommend them to you.<\/p>\n\n\n\n<h3 class=\"wp-block-heading\"><strong>Can we privatise the house ?<\/strong><\/h3>\n\n\n\n<p>Yes, the house can be privatized for your personal events (birthdays, christenings, weekends with friends or family) and professional events (seminars in the countryside, shootings).<\/p>\n<\/div>\n\n\n\n<figure class=\"wp-block-gallery alignwide has-nested-images columns-default is-cropped wp-block-gallery-2 is-layout-flex wp-block-gallery-is-layout-flex\">\n<figure class=\"wp-block-image size-large\"><img decoding=\"async\" data-id=\"255\" src=\"https:\/\/www.lalevriere.com\/wp-content\/uploads\/la-levriere-chambres-hotes-cuisine-maison-683x1024.jpg\" alt=\"\" class=\"wp-image-255\" \/><\/figure>\n<\/figure>\n","protected":false},"excerpt":{"rendered":"<p>Where is La L\u00e9vri\u00e8re located ? We are in the heart of Vexin Normand, in the village of Saint Denis le Ferment, 1 hour from Paris. What are the nearest points of interest to La L\u00e9vri\u00e8re ? Giverny with Claude Monet&#8217;s house and its splendid gardens (40 minutes from our house). Gisors, 10 minutes. The [&hellip;]<\/p>\n","protected":false},"author":2,"featured_media":0,"parent":0,"menu_order":0,"comment_status":"closed","ping_status":"closed","template":"","meta":{"_seopress_robots_primary_cat":"","_seopress_titles_title":"Frequently asked questions - La L\u00e9vri\u00e8re guesthouse","_seopress_titles_desc":"La L\u00e9vri\u00e8re is near Giverny, Lyons la For\u00eat, Gerberoy, Ch\u00e2teau Gaillard, Vernon, la Roche Guyon. Breakfast included, English spoken hosts.","_seopress_robots_index":"","footnotes":""},"class_list":["post-320","page","type-page","status-publish","hentry"],"_links":{"self":[{"href":"https:\/\/www.lalevriere.com\/en\/wp-json\/wp\/v2\/pages\/320","targetHints":{"allow":["GET"]}}],"collection":[{"href":"https:\/\/www.lalevriere.com\/en\/wp-json\/wp\/v2\/pages"}],"about":[{"href":"https:\/\/www.lalevriere.com\/en\/wp-json\/wp\/v2\/types\/page"}],"author":[{"embeddable":true,"href":"https:\/\/www.lalevriere.com\/en\/wp-json\/wp\/v2\/users\/2"}],"replies":[{"embeddable":true,"href":"https:\/\/www.lalevriere.com\/en\/wp-json\/wp\/v2\/comments?post=320"}],"version-history":[{"count":10,"href":"https:\/\/www.lalevriere.com\/en\/wp-json\/wp\/v2\/pages\/320\/revisions"}],"predecessor-version":[{"id":836,"href":"https:\/\/www.lalevriere.com\/en\/wp-json\/wp\/v2\/pages\/320\/revisions\/836"}],"wp:attachment":[{"href":"https:\/\/www.lalevriere.com\/en\/wp-json\/wp\/v2\/media?parent=320"}],"curies":[{"name":"wp","href":"https:\/\/api.w.org\/{rel}","templated":true}]}}